{"id":7,"date":"2026-04-18T10:26:42","date_gmt":"2026-04-18T08:26:42","guid":{"rendered":"http:\/\/ooe.hansadam.at\/?page_id=7"},"modified":"2026-04-18T10:41:41","modified_gmt":"2026-04-18T08:41:41","slug":"herzlich-willkommen-auf-der-website-der-oepu-oberoesterreich","status":"publish","type":"page","link":"http:\/\/ooe.hansadam.at\/","title":{"rendered":"Willkommen"},"content":{"rendered":"\n<h3 class=\"wp-block-heading has-text-align-center\">Herzlich willkommen auf der Website der \u00d6PU Ober\u00f6sterreich!&nbsp;<\/h3>\n\n\n<div class=\"wp-block-image is-style-default\">\n<figure class=\"aligncenter size-full is-resized\"><img loading=\"lazy\" decoding=\"async\" width=\"2000\" height=\"1429\" src=\"http:\/\/ooe.hansadam.at\/wp-content\/uploads\/2026\/04\/Meiser_Hittenberger_Homepage.jpg\" alt=\"Meisner_Hittenberger\" class=\"wp-image-10\" style=\"aspect-ratio:1.3996023856858848;object-fit:cover;width:609px;height:auto\"\/><\/figure>\n<\/div>\n\n\n<figure class=\"wp-block-table is-style-stripes\" style=\"font-size:16px;font-style:normal;font-weight:400\"><table class=\"has-fixed-layout\"><tbody><tr><td class=\"has-text-align-center\" data-align=\"center\"><strong>Mag. Werner Hittenberger<br>Vorsitzender AHS-Gewerkschaft O\u00d6<\/strong><\/td><td class=\"has-text-align-center\" data-align=\"center\"><strong>Mag. Andrea Meiser<\/strong><br><strong>Vorsitzende Personalvertretung O\u00d6<\/strong><\/td><\/tr><\/tbody><\/table><\/figure>\n\n\n\n<p style=\"font-size:16px\">Die \u00d6PU ist ein Wahlb\u00fcndnis und vertritt die Anliegen der AHS-Lehrer*innen in der Personalvertretung (Fachausschuss und Zentralausschuss).<\/p>\n\n\n\n<p style=\"font-size:16px\">Die \u00d6PU setzt sich f\u00fcr die Erhaltung und Weiterentwicklung eines qualitativ hochwertigen, differenzierten Schulsystems in \u00d6sterreich ein.<\/p>\n\n\n\n<p style=\"font-size:16px\">Unser Logo steht f\u00fcr unsere Leitbegriffe &#8222;offensiv &#8211; professionell &#8211; unabh\u00e4ngig&#8220;, die unsere Arbeit zum Wohl der \u00f6sterreichischen Gymnasien und ihrer Lehrer*innen bestimmen.<\/p>\n\n\n\n<p style=\"font-size:16px\">Die Unterst\u00fctzung der \u00d6PU bedeutet keine parteipolitische Positionierung, sondern ist Ausdruck der F\u00f6rderung einer Interessenvertretung, die das Gymnasium als Langform und die ORG durch kontinuierliche Weiterentwicklung auf Erfolgskurs halten will.<\/p>\n","protected":false},"excerpt":{"rendered":"<p>Herzlich willkommen auf der Website der \u00d6PU Ober\u00f6sterreich!&nbsp; Mag. Werner HittenbergerVorsitzender AHS-Gewerkschaft O\u00d6 Mag. Andrea MeiserVorsitzende Personalvertretung O\u00d6 Die \u00d6PU<\/p>\n","protected":false},"author":1,"featured_media":0,"parent":0,"menu_order":0,"comment_status":"closed","ping_status":"closed","template":"","meta":{"footnotes":""},"class_list":["post-7","page","type-page","status-publish","hentry"],"_links":{"self":[{"href":"http:\/\/ooe.hansadam.at\/index.php\/wp-json\/wp\/v2\/pages\/7","targetHints":{"allow":["GET"]}}],"collection":[{"href":"http:\/\/ooe.hansadam.at\/index.php\/wp-json\/wp\/v2\/pages"}],"about":[{"href":"http:\/\/ooe.hansadam.at\/index.php\/wp-json\/wp\/v2\/types\/page"}],"author":[{"embeddable":true,"href":"http:\/\/ooe.hansadam.at\/index.php\/wp-json\/wp\/v2\/users\/1"}],"replies":[{"embeddable":true,"href":"http:\/\/ooe.hansadam.at\/index.php\/wp-json\/wp\/v2\/comments?post=7"}],"version-history":[{"count":20,"href":"http:\/\/ooe.hansadam.at\/index.php\/wp-json\/wp\/v2\/pages\/7\/revisions"}],"predecessor-version":[{"id":31,"href":"http:\/\/ooe.hansadam.at\/index.php\/wp-json\/wp\/v2\/pages\/7\/revisions\/31"}],"wp:attachment":[{"href":"http:\/\/ooe.hansadam.at\/index.php\/wp-json\/wp\/v2\/media?parent=7"}],"curies":[{"name":"wp","href":"https:\/\/api.w.org\/{rel}","templated":true}]}}