{"id":69,"date":"2026-04-18T11:36:46","date_gmt":"2026-04-18T09:36:46","guid":{"rendered":"http:\/\/ooe.hansadam.at\/?page_id=69"},"modified":"2026-04-18T11:36:46","modified_gmt":"2026-04-18T09:36:46","slug":"goed-landesleitung-und-fcg-beitritt","status":"publish","type":"page","link":"http:\/\/ooe.hansadam.at\/index.php\/goed-landesleitung-und-fcg-beitritt\/","title":{"rendered":"G\u00d6D-Landesleitung und FCG-Beitritt"},"content":{"rendered":"\n<p><strong>Die St\u00e4rke einer Standesvertretung dr\u00fcckt sich auch in der Zahl ihrer Mitglieder aus.<\/strong><br><strong>Werden auch Sie Mitglied der<\/strong> <\/p>\n\n\n\n<p class=\"has-text-align-center\"><strong>G\u00d6D &#8211; Gewerkschaft \u00d6ffentlicher Dienst und ihrer<br>FCG &#8211; Fraktion Christlicher Gewerkschafter<\/strong><\/p>\n\n\n\n<p>Sie wollen Mitglied werden oder haben Fragen? Kontaktieren Sie bitte:<br><br>AHS-GEWERKSCHAFT<br>Landesleitung Ober\u00f6sterreich<br><strong>Mag. Werner Hittenberger<\/strong><\/p>\n\n\n\n<p>BRG Schloss Wagrain<br>Schlossstra\u00dfe 31<br>4048 V\u00f6cklabruck<br>Tel.:\u00a007672\/29308<br>E-Mail:\u00a0<a href=\"mailto:andrea.meiser@georgvonpeuerbach.at\">w<\/a><a href=\"mailto:erner.hittenberger@my.goed.at\">erner.hittenberger@my.goed.at<\/a><\/p>\n\n\n\n<p><\/p>\n\n\n\n<p><\/p>\n\n\n\n<p><\/p>\n","protected":false},"excerpt":{"rendered":"<p>Die St\u00e4rke einer Standesvertretung dr\u00fcckt sich auch in der Zahl ihrer Mitglieder aus.Werden auch Sie Mitglied der G\u00d6D &#8211; Gewerkschaft<\/p>\n","protected":false},"author":1,"featured_media":0,"parent":0,"menu_order":0,"comment_status":"closed","ping_status":"closed","template":"","meta":{"footnotes":""},"class_list":["post-69","page","type-page","status-publish","hentry"],"_links":{"self":[{"href":"http:\/\/ooe.hansadam.at\/index.php\/wp-json\/wp\/v2\/pages\/69","targetHints":{"allow":["GET"]}}],"collection":[{"href":"http:\/\/ooe.hansadam.at\/index.php\/wp-json\/wp\/v2\/pages"}],"about":[{"href":"http:\/\/ooe.hansadam.at\/index.php\/wp-json\/wp\/v2\/types\/page"}],"author":[{"embeddable":true,"href":"http:\/\/ooe.hansadam.at\/index.php\/wp-json\/wp\/v2\/users\/1"}],"replies":[{"embeddable":true,"href":"http:\/\/ooe.hansadam.at\/index.php\/wp-json\/wp\/v2\/comments?post=69"}],"version-history":[{"count":1,"href":"http:\/\/ooe.hansadam.at\/index.php\/wp-json\/wp\/v2\/pages\/69\/revisions"}],"predecessor-version":[{"id":70,"href":"http:\/\/ooe.hansadam.at\/index.php\/wp-json\/wp\/v2\/pages\/69\/revisions\/70"}],"wp:attachment":[{"href":"http:\/\/ooe.hansadam.at\/index.php\/wp-json\/wp\/v2\/media?parent=69"}],"curies":[{"name":"wp","href":"https:\/\/api.w.org\/{rel}","templated":true}]}}